{"id":2239,"date":"2025-11-13T17:45:27","date_gmt":"2025-11-13T16:45:27","guid":{"rendered":"https:\/\/hostalexcelsior.es\/?page_id=2239"},"modified":"2026-01-29T11:48:46","modified_gmt":"2026-01-29T10:48:46","slug":"entorno","status":"publish","type":"page","link":"https:\/\/hostalexcelsior.es\/en\/entorno\/","title":{"rendered":"Environment"},"content":{"rendered":"\t\t<div data-elementor-type=\"wp-page\" data-elementor-id=\"2239\" class=\"elementor elementor-2239\" data-elementor-post-type=\"page\">\n\t\t\t\t<div class=\"elementor-element elementor-element-40f6892 e-flex e-con-boxed e-con e-parent\" data-id=\"40f6892\" data-element_type=\"container\" data-e-type=\"container\" data-settings=\"{&quot;background_background&quot;:&quot;classic&quot;}\">\n\t\t\t\t\t<div class=\"e-con-inner\">\n\t\t\t\t<div class=\"elementor-element elementor-element-2e75db9 elementor-widget elementor-widget-heading\" data-id=\"2e75db9\" data-element_type=\"widget\" data-e-type=\"widget\" data-widget_type=\"heading.default\">\n\t\t\t\t\t<h1 class=\"elementor-heading-title elementor-size-default\">Environment<\/h1>\t\t\t\t<\/div>\n\t\t\t\t<div class=\"elementor-element elementor-element-191070b elementor-widget elementor-widget-text-editor\" data-id=\"191070b\" data-element_type=\"widget\" data-e-type=\"widget\" data-widget_type=\"text-editor.default\">\n\t\t\t\t\t\t\t\t\t<p>Experience Madrid from the Excelsior Hostel<\/p>\t\t\t\t\t\t\t\t<\/div>\n\t\t\t\t\t<\/div>\n\t\t\t\t<\/div>\n\t\t<div class=\"elementor-element elementor-element-28a2cc7 e-flex e-con-boxed e-con e-parent\" data-id=\"28a2cc7\" data-element_type=\"container\" data-e-type=\"container\">\n\t\t\t\t\t<div class=\"e-con-inner\">\n\t\t\t\t<div class=\"elementor-element elementor-element-7eae6f6 elementor-widget elementor-widget-heading\" data-id=\"7eae6f6\" data-element_type=\"widget\" data-e-type=\"widget\" data-widget_type=\"heading.default\">\n\t\t\t\t\t<h2 class=\"elementor-heading-title elementor-size-default\">Perfect location<\/h2>\t\t\t\t<\/div>\n\t\t\t\t<div class=\"elementor-element elementor-element-9bbe755 elementor-widget elementor-widget-text-editor\" data-id=\"9bbe755\" data-element_type=\"widget\" data-e-type=\"widget\" data-widget_type=\"text-editor.default\">\n\t\t\t\t\t\t\t\t\t<p>Hostal Excelsior is surrounded by some of Madrid&#8217;s most iconic landmarks, making it an excellent choice for those who want to explore the city on foot. Just 550 metres away is Puerta del Sol, Madrid&#8217;s epicentre where history and modernity converge. 700 metres away is Plaza Mayor, famous for its architecture and vibrant atmosphere, while Plaza de Oriente, 650 metres away, offers privileged views of the Royal Palace.<\/p><p>For art and culture lovers, the <strong>Thyssen-Bornemisza Museum<\/strong> is 1.4 km away, and the <strong>Reina Sof\u00eda Museum<\/strong>, 2 km away, exhibits some of the most important works of contemporary art. If you prefer a natural setting, the <strong>El Retiro Park<\/strong> is 2.3 km away, ideal for a relaxing stroll.<\/p><p>The hostel is surrounded by an excellent range of dining options: Gran V\u00eda offers a wide selection of restaurants and caf\u00e9s to suit all tastes, ideal for enjoying local and international cuisine at any time of day.<\/p><p><strong>Access to public transport is quick and easy<\/strong>. Callao underground station is just 100 metres away, while Santo Domingo underground station is 150 metres away. Furthermore, Adolfo Su\u00e1rez Madrid-Barajas Airport is 13 km away, ensuring convenient connections for travellers.<\/p>\t\t\t\t\t\t\t\t<\/div>\n\t\t\t\t<div class=\"elementor-element elementor-element-bf7397a elementor-widget elementor-widget-gallery\" data-id=\"bf7397a\" data-element_type=\"widget\" data-e-type=\"widget\" data-settings=\"{&quot;columns&quot;:3,&quot;lazyload&quot;:&quot;yes&quot;,&quot;gallery_layout&quot;:&quot;grid&quot;,&quot;columns_tablet&quot;:2,&quot;columns_mobile&quot;:1,&quot;gap&quot;:{&quot;unit&quot;:&quot;px&quot;,&quot;size&quot;:10,&quot;sizes&quot;:[]},&quot;gap_laptop&quot;:{&quot;unit&quot;:&quot;px&quot;,&quot;size&quot;:10,&quot;sizes&quot;:[]},&quot;gap_tablet&quot;:{&quot;unit&quot;:&quot;px&quot;,&quot;size&quot;:10,&quot;sizes&quot;:[]},&quot;gap_mobile&quot;:{&quot;unit&quot;:&quot;px&quot;,&quot;size&quot;:10,&quot;sizes&quot;:[]},&quot;link_to&quot;:&quot;file&quot;,&quot;aspect_ratio&quot;:&quot;3:2&quot;,&quot;overlay_background&quot;:&quot;yes&quot;,&quot;content_hover_animation&quot;:&quot;fade-in&quot;}\" data-widget_type=\"gallery.default\">\n\t\t\t\t\t\t\t<div class=\"elementor-gallery__container\">\n\t\t\t\t\t\t\t<a class=\"e-gallery-item elementor-gallery-item elementor-animated-content\" href=\"https:\/\/hostalexcelsior.es\/en\/wp-content\/uploads\/sites\/2\/Puerta-del-Sol-001-560x368-1.webp\" data-elementor-open-lightbox=\"yes\" data-elementor-lightbox-slideshow=\"bf7397a\" data-elementor-lightbox-title=\"Puerta del Sol x\" data-e-action-hash=\"#elementor-action%3Aaction%3Dlightbox%26settings%3DeyJpZCI6MjI1NywidXJsIjoiaHR0cHM6XC9cL2hvc3RhbGV4Y2Vsc2lvci5lc1wvZW5cL3dwLWNvbnRlbnRcL3VwbG9hZHNcL3NpdGVzXC8yXC9QdWVydGEtZGVsLVNvbC0wMDEtNTYweDM2OC0xLndlYnAiLCJzbGlkZXNob3ciOiJiZjczOTdhIn0%3D\">\n\t\t\t\t\t<div class=\"e-gallery-image elementor-gallery-item__image\" data-thumbnail=\"https:\/\/hostalexcelsior.es\/en\/wp-content\/uploads\/sites\/2\/Puerta-del-Sol-001-560x368-1.webp\" data-width=\"600\" data-height=\"394\" aria-label=\"Puerta del Sol x\" role=\"img\" ><\/div>\n\t\t\t\t\t\t\t\t\t\t\t<div class=\"elementor-gallery-item__overlay\"><\/div>\n\t\t\t\t\t\t\t\t\t\t\t\t\t\t<\/a>\n\t\t\t\t\t\t\t<a class=\"e-gallery-item elementor-gallery-item elementor-animated-content\" href=\"https:\/\/hostalexcelsior.es\/en\/wp-content\/uploads\/sites\/2\/parque-el-retiro.webp\" data-elementor-open-lightbox=\"yes\" data-elementor-lightbox-slideshow=\"bf7397a\" data-elementor-lightbox-title=\"parque el retiro\" data-e-action-hash=\"#elementor-action%3Aaction%3Dlightbox%26settings%3DeyJpZCI6MjI1OCwidXJsIjoiaHR0cHM6XC9cL2hvc3RhbGV4Y2Vsc2lvci5lc1wvZW5cL3dwLWNvbnRlbnRcL3VwbG9hZHNcL3NpdGVzXC8yXC9wYXJxdWUtZWwtcmV0aXJvLndlYnAiLCJzbGlkZXNob3ciOiJiZjczOTdhIn0%3D\">\n\t\t\t\t\t<div class=\"e-gallery-image elementor-gallery-item__image\" data-thumbnail=\"https:\/\/hostalexcelsior.es\/en\/wp-content\/uploads\/sites\/2\/parque-el-retiro.webp\" data-width=\"1200\" data-height=\"801\" aria-label=\"parque el retiro\" role=\"img\" ><\/div>\n\t\t\t\t\t\t\t\t\t\t\t<div class=\"elementor-gallery-item__overlay\"><\/div>\n\t\t\t\t\t\t\t\t\t\t\t\t\t\t<\/a>\n\t\t\t\t\t\t\t<a class=\"e-gallery-item elementor-gallery-item elementor-animated-content\" href=\"https:\/\/hostalexcelsior.es\/en\/wp-content\/uploads\/sites\/2\/Palacio-Real-Madrid-001-560x368-1.webp\" data-elementor-open-lightbox=\"yes\" data-elementor-lightbox-slideshow=\"bf7397a\" data-elementor-lightbox-title=\"Palacio Real Madrid x\" data-e-action-hash=\"#elementor-action%3Aaction%3Dlightbox%26settings%3DeyJpZCI6MjI1OSwidXJsIjoiaHR0cHM6XC9cL2hvc3RhbGV4Y2Vsc2lvci5lc1wvZW5cL3dwLWNvbnRlbnRcL3VwbG9hZHNcL3NpdGVzXC8yXC9QYWxhY2lvLVJlYWwtTWFkcmlkLTAwMS01NjB4MzY4LTEud2VicCIsInNsaWRlc2hvdyI6ImJmNzM5N2EifQ%3D%3D\">\n\t\t\t\t\t<div class=\"e-gallery-image elementor-gallery-item__image\" data-thumbnail=\"https:\/\/hostalexcelsior.es\/en\/wp-content\/uploads\/sites\/2\/Palacio-Real-Madrid-001-560x368-1.webp\" data-width=\"600\" data-height=\"394\" aria-label=\"Palacio Real Madrid x\" role=\"img\" ><\/div>\n\t\t\t\t\t\t\t\t\t\t\t<div class=\"elementor-gallery-item__overlay\"><\/div>\n\t\t\t\t\t\t\t\t\t\t\t\t\t\t<\/a>\n\t\t\t\t\t\t\t<a class=\"e-gallery-item elementor-gallery-item elementor-animated-content\" href=\"https:\/\/hostalexcelsior.es\/en\/wp-content\/uploads\/sites\/2\/palacio-de-crista-en-el-retiro.webp\" data-elementor-open-lightbox=\"yes\" data-elementor-lightbox-slideshow=\"bf7397a\" data-elementor-lightbox-title=\"palacio de crista en el retiro\" data-e-action-hash=\"#elementor-action%3Aaction%3Dlightbox%26settings%3DeyJpZCI6MjI2MCwidXJsIjoiaHR0cHM6XC9cL2hvc3RhbGV4Y2Vsc2lvci5lc1wvZW5cL3dwLWNvbnRlbnRcL3VwbG9hZHNcL3NpdGVzXC8yXC9wYWxhY2lvLWRlLWNyaXN0YS1lbi1lbC1yZXRpcm8ud2VicCIsInNsaWRlc2hvdyI6ImJmNzM5N2EifQ%3D%3D\">\n\t\t\t\t\t<div class=\"e-gallery-image elementor-gallery-item__image\" data-thumbnail=\"https:\/\/hostalexcelsior.es\/en\/wp-content\/uploads\/sites\/2\/palacio-de-crista-en-el-retiro.webp\" data-width=\"1200\" data-height=\"800\" aria-label=\"palacio de crista en el retiro\" role=\"img\" ><\/div>\n\t\t\t\t\t\t\t\t\t\t\t<div class=\"elementor-gallery-item__overlay\"><\/div>\n\t\t\t\t\t\t\t\t\t\t\t\t\t\t<\/a>\n\t\t\t\t\t\t\t<a class=\"e-gallery-item elementor-gallery-item elementor-animated-content\" href=\"https:\/\/hostalexcelsior.es\/en\/wp-content\/uploads\/sites\/2\/museo-del-prado.webp\" data-elementor-open-lightbox=\"yes\" data-elementor-lightbox-slideshow=\"bf7397a\" data-elementor-lightbox-title=\"museo del prado\" data-e-action-hash=\"#elementor-action%3Aaction%3Dlightbox%26settings%3DeyJpZCI6MjI2MSwidXJsIjoiaHR0cHM6XC9cL2hvc3RhbGV4Y2Vsc2lvci5lc1wvZW5cL3dwLWNvbnRlbnRcL3VwbG9hZHNcL3NpdGVzXC8yXC9tdXNlby1kZWwtcHJhZG8ud2VicCIsInNsaWRlc2hvdyI6ImJmNzM5N2EifQ%3D%3D\">\n\t\t\t\t\t<div class=\"e-gallery-image elementor-gallery-item__image\" data-thumbnail=\"https:\/\/hostalexcelsior.es\/en\/wp-content\/uploads\/sites\/2\/museo-del-prado.webp\" data-width=\"1200\" data-height=\"800\" aria-label=\"museo del prado\" role=\"img\" ><\/div>\n\t\t\t\t\t\t\t\t\t\t\t<div class=\"elementor-gallery-item__overlay\"><\/div>\n\t\t\t\t\t\t\t\t\t\t\t\t\t\t<\/a>\n\t\t\t\t\t\t\t<a class=\"e-gallery-item elementor-gallery-item elementor-animated-content\" href=\"https:\/\/hostalexcelsior.es\/en\/wp-content\/uploads\/sites\/2\/Madrid_-_Museo_Nacional_Centro_de_Arte_Reina_Sofia.webp\" data-elementor-open-lightbox=\"yes\" data-elementor-lightbox-slideshow=\"bf7397a\" data-elementor-lightbox-title=\"Madrid Museo Nacional Centro de Arte Reina Sof\u00eda\" data-e-action-hash=\"#elementor-action%3Aaction%3Dlightbox%26settings%3DeyJpZCI6MjI2MiwidXJsIjoiaHR0cHM6XC9cL2hvc3RhbGV4Y2Vsc2lvci5lc1wvZW5cL3dwLWNvbnRlbnRcL3VwbG9hZHNcL3NpdGVzXC8yXC9NYWRyaWRfLV9NdXNlb19OYWNpb25hbF9DZW50cm9fZGVfQXJ0ZV9SZWluYV9Tb2ZpYS53ZWJwIiwic2xpZGVzaG93IjoiYmY3Mzk3YSJ9\">\n\t\t\t\t\t<div class=\"e-gallery-image elementor-gallery-item__image\" data-thumbnail=\"https:\/\/hostalexcelsior.es\/en\/wp-content\/uploads\/sites\/2\/Madrid_-_Museo_Nacional_Centro_de_Arte_Reina_Sofia.webp\" data-width=\"1200\" data-height=\"900\" aria-label=\"Madrid Museo Nacional Centro de Arte Reina Sof\u00eda\" role=\"img\" ><\/div>\n\t\t\t\t\t\t\t\t\t\t\t<div class=\"elementor-gallery-item__overlay\"><\/div>\n\t\t\t\t\t\t\t\t\t\t\t\t\t\t<\/a>\n\t\t\t\t\t\t\t<a class=\"e-gallery-item elementor-gallery-item elementor-animated-content\" href=\"https:\/\/hostalexcelsior.es\/en\/wp-content\/uploads\/sites\/2\/la-almudena-madrid-opera.webp\" data-elementor-open-lightbox=\"yes\" data-elementor-lightbox-slideshow=\"bf7397a\" data-elementor-lightbox-title=\"la almudena madrid opera\" data-e-action-hash=\"#elementor-action%3Aaction%3Dlightbox%26settings%3DeyJpZCI6MjI2MywidXJsIjoiaHR0cHM6XC9cL2hvc3RhbGV4Y2Vsc2lvci5lc1wvZW5cL3dwLWNvbnRlbnRcL3VwbG9hZHNcL3NpdGVzXC8yXC9sYS1hbG11ZGVuYS1tYWRyaWQtb3BlcmEud2VicCIsInNsaWRlc2hvdyI6ImJmNzM5N2EifQ%3D%3D\">\n\t\t\t\t\t<div class=\"e-gallery-image elementor-gallery-item__image\" data-thumbnail=\"https:\/\/hostalexcelsior.es\/en\/wp-content\/uploads\/sites\/2\/la-almudena-madrid-opera.webp\" data-width=\"1200\" data-height=\"711\" aria-label=\"la almudena madrid opera\" role=\"img\" ><\/div>\n\t\t\t\t\t\t\t\t\t\t\t<div class=\"elementor-gallery-item__overlay\"><\/div>\n\t\t\t\t\t\t\t\t\t\t\t\t\t\t<\/a>\n\t\t\t\t\t\t\t<a class=\"e-gallery-item elementor-gallery-item elementor-animated-content\" href=\"https:\/\/hostalexcelsior.es\/en\/wp-content\/uploads\/sites\/2\/Gran-Via-Madrid-002-560x368-1.webp\" data-elementor-open-lightbox=\"yes\" data-elementor-lightbox-slideshow=\"bf7397a\" data-elementor-lightbox-title=\"Gran Via Madrid x\" data-e-action-hash=\"#elementor-action%3Aaction%3Dlightbox%26settings%3DeyJpZCI6MjI2NCwidXJsIjoiaHR0cHM6XC9cL2hvc3RhbGV4Y2Vsc2lvci5lc1wvZW5cL3dwLWNvbnRlbnRcL3VwbG9hZHNcL3NpdGVzXC8yXC9HcmFuLVZpYS1NYWRyaWQtMDAyLTU2MHgzNjgtMS53ZWJwIiwic2xpZGVzaG93IjoiYmY3Mzk3YSJ9\">\n\t\t\t\t\t<div class=\"e-gallery-image elementor-gallery-item__image\" data-thumbnail=\"https:\/\/hostalexcelsior.es\/en\/wp-content\/uploads\/sites\/2\/Gran-Via-Madrid-002-560x368-1.webp\" data-width=\"600\" data-height=\"394\" aria-label=\"Gran Via Madrid x\" role=\"img\" ><\/div>\n\t\t\t\t\t\t\t\t\t\t\t<div class=\"elementor-gallery-item__overlay\"><\/div>\n\t\t\t\t\t\t\t\t\t\t\t\t\t\t<\/a>\n\t\t\t\t\t\t\t<a class=\"e-gallery-item elementor-gallery-item elementor-animated-content\" href=\"https:\/\/hostalexcelsior.es\/en\/wp-content\/uploads\/sites\/2\/Cibeles-Fountain-in-Madrid-Spain.webp\" data-elementor-open-lightbox=\"yes\" data-elementor-lightbox-slideshow=\"bf7397a\" data-elementor-lightbox-title=\"Cibeles Fountain in Madrid Spain\" data-e-action-hash=\"#elementor-action%3Aaction%3Dlightbox%26settings%3DeyJpZCI6MjI2NSwidXJsIjoiaHR0cHM6XC9cL2hvc3RhbGV4Y2Vsc2lvci5lc1wvZW5cL3dwLWNvbnRlbnRcL3VwbG9hZHNcL3NpdGVzXC8yXC9DaWJlbGVzLUZvdW50YWluLWluLU1hZHJpZC1TcGFpbi53ZWJwIiwic2xpZGVzaG93IjoiYmY3Mzk3YSJ9\">\n\t\t\t\t\t<div class=\"e-gallery-image elementor-gallery-item__image\" data-thumbnail=\"https:\/\/hostalexcelsior.es\/en\/wp-content\/uploads\/sites\/2\/Cibeles-Fountain-in-Madrid-Spain.webp\" data-width=\"1000\" data-height=\"667\" aria-label=\"Cibeles Fountain in Madrid Spain\" role=\"img\" ><\/div>\n\t\t\t\t\t\t\t\t\t\t\t<div class=\"elementor-gallery-item__overlay\"><\/div>\n\t\t\t\t\t\t\t\t\t\t\t\t\t\t<\/a>\n\t\t\t\t\t<\/div>\n\t\t\t\t\t<\/div>\n\t\t\t\t<div class=\"elementor-element elementor-element-3d131d9 elementor-widget elementor-widget-google_maps\" data-id=\"3d131d9\" data-element_type=\"widget\" data-e-type=\"widget\" data-widget_type=\"google_maps.default\">\n\t\t\t\t\t\t\t<div class=\"elementor-custom-embed\">\n\t\t\t<iframe loading=\"lazy\"\n\t\t\t\t\tsrc=\"https:\/\/maps.google.com\/maps?q=Hostal%20Excelsior&#038;t=m&#038;z=14&#038;output=embed&#038;iwloc=near\"\n\t\t\t\t\ttitle=\"Hostal Excelsior\"\n\t\t\t\t\taria-label=\"Hostal Excelsior\"\n\t\t\t><\/iframe>\n\t\t<\/div>\n\t\t\t\t\t\t<\/div>\n\t\t\t\t\t<\/div>\n\t\t\t\t<\/div>\n\t\t<div class=\"elementor-element elementor-element-f56abb0 e-flex e-con-boxed e-con e-parent\" data-id=\"f56abb0\" data-element_type=\"container\" data-e-type=\"container\" data-settings=\"{&quot;background_background&quot;:&quot;classic&quot;}\">\n\t\t\t\t\t<div class=\"e-con-inner\">\n\t\t\t\t<div class=\"elementor-element elementor-element-5623bef elementor-widget elementor-widget-heading\" data-id=\"5623bef\" data-element_type=\"widget\" data-e-type=\"widget\" data-widget_type=\"heading.default\">\n\t\t\t\t\t<h2 class=\"elementor-heading-title elementor-size-default\">OFFICIAL WEBSITE<\/h2>\t\t\t\t<\/div>\n\t\t\t\t<div class=\"elementor-element elementor-element-f66048b elementor-widget elementor-widget-text-editor\" data-id=\"f66048b\" data-element_type=\"widget\" data-e-type=\"widget\" data-widget_type=\"text-editor.default\">\n\t\t\t\t\t\t\t\t\tOnly here will you find the <strong>best price<\/strong> guaranteed!\t\t\t\t\t\t\t\t<\/div>\n\t\t\t\t<div class=\"elementor-element elementor-element-42dc101 animated-slow elementor-button-info elementor-invisible elementor-widget elementor-widget-button\" data-id=\"42dc101\" data-element_type=\"widget\" data-e-type=\"widget\" data-settings=\"{&quot;_animation&quot;:&quot;slideInRight&quot;}\" data-widget_type=\"button.default\">\n\t\t\t\t\t\t\t\t\t\t<a class=\"elementor-button elementor-button-link elementor-size-sm elementor-animation-bob\" href=\"https:\/\/booking.avirato.com\/?code=42383149&#038;lang=en\" target=\"_blank\">\n\t\t\t\t\t\t<span class=\"elementor-button-content-wrapper\">\n\t\t\t\t\t\t<span class=\"elementor-button-icon\">\n\t\t\t\t<svg aria-hidden=\"true\" class=\"e-font-icon-svg e-far-arrow-alt-circle-right\" viewBox=\"0 0 512 512\" xmlns=\"http:\/\/www.w3.org\/2000\/svg\"><path d=\"M504 256C504 119 393 8 256 8S8 119 8 256s111 248 248 248 248-111 248-248zm-448 0c0-110.5 89.5-200 200-200s200 89.5 200 200-89.5 200-200 200S56 366.5 56 256zm72 20v-40c0-6.6 5.4-12 12-12h116v-67c0-10.7 12.9-16 20.5-8.5l99 99c4.7 4.7 4.7 12.3 0 17l-99 99c-7.6 7.6-20.5 2.2-20.5-8.5v-67H140c-6.6 0-12-5.4-12-12z\"><\/path><\/svg>\t\t\t<\/span>\n\t\t\t\t\t\t\t\t\t<span class=\"elementor-button-text\">Book at the best price<\/span>\n\t\t\t\t\t<\/span>\n\t\t\t\t\t<\/a>\n\t\t\t\t\t\t\t\t<\/div>\n\t\t\t\t\t<\/div>\n\t\t\t\t<\/div>\n\t\t\t\t<\/div>\n\t\t","protected":false},"excerpt":{"rendered":"<p>Environment Experience Madrid from the Excelsior Hostel Perfect location Hostal Excelsior is surrounded by some of Madrid&#8217;s most iconic landmarks, making it an excellent choice for those who want to explore the city on foot. Just 550 metres away is Puerta del Sol, Madrid&#8217;s epicentre where history and modernity converge. 700 metres away is Plaza [&hellip;]<\/p>\n","protected":false},"author":1,"featured_media":0,"parent":0,"menu_order":0,"comment_status":"closed","ping_status":"closed","template":"elementor_header_footer","meta":{"footnotes":""},"class_list":["post-2239","page","type-page","status-publish","hentry"],"yoast_head":"<!-- This site is optimized with the Yoast SEO plugin v27.3 - https:\/\/yoast.com\/product\/yoast-seo-wordpress\/ -->\n<title>Environment - Hostal Excelsior en Gran V\u00eda<\/title>\n<meta name=\"description\" content=\"El Hostal Excelsior, rodeado de algunos de los lugares m\u00e1s emblem\u00e1ticos de Madrid, es una excelente elecci\u00f3n para recorrer la ciudad a pie.\" \/>\n<meta name=\"robots\" content=\"index, follow, max-snippet:-1, max-image-preview:large, max-video-preview:-1\" \/>\n<link rel=\"canonical\" href=\"https:\/\/hostalexcelsior.es\/en\/entorno\/\" \/>\n<meta property=\"og:locale\" content=\"es_ES\" \/>\n<meta property=\"og:type\" content=\"article\" \/>\n<meta property=\"og:title\" content=\"Environment - Hostal Excelsior en Gran V\u00eda\" \/>\n<meta property=\"og:description\" content=\"El Hostal Excelsior, rodeado de algunos de los lugares m\u00e1s emblem\u00e1ticos de Madrid, es una excelente elecci\u00f3n para recorrer la ciudad a pie.\" \/>\n<meta property=\"og:url\" content=\"https:\/\/hostalexcelsior.es\/en\/entorno\/\" \/>\n<meta property=\"og:site_name\" content=\"Hostal Excelsior en Gran V\u00eda\" \/>\n<meta property=\"article:modified_time\" content=\"2026-01-29T10:48:46+00:00\" \/>\n<meta name=\"twitter:card\" content=\"summary_large_image\" \/>\n<meta name=\"twitter:label1\" content=\"Tiempo de lectura\" \/>\n\t<meta name=\"twitter:data1\" content=\"1 minuto\" \/>\n<script type=\"application\/ld+json\" class=\"yoast-schema-graph\">{\"@context\":\"https:\\\/\\\/schema.org\",\"@graph\":[{\"@type\":\"WebPage\",\"@id\":\"https:\\\/\\\/hostalexcelsior.es\\\/en\\\/entorno\\\/\",\"url\":\"https:\\\/\\\/hostalexcelsior.es\\\/en\\\/entorno\\\/\",\"name\":\"Environment - Hostal Excelsior en Gran V\u00eda\",\"isPartOf\":{\"@id\":\"https:\\\/\\\/hostalexcelsior.es\\\/en\\\/#website\"},\"datePublished\":\"2025-11-13T16:45:27+00:00\",\"dateModified\":\"2026-01-29T10:48:46+00:00\",\"description\":\"El Hostal Excelsior, rodeado de algunos de los lugares m\u00e1s emblem\u00e1ticos de Madrid, es una excelente elecci\u00f3n para recorrer la ciudad a pie.\",\"breadcrumb\":{\"@id\":\"https:\\\/\\\/hostalexcelsior.es\\\/en\\\/entorno\\\/#breadcrumb\"},\"inLanguage\":\"es\",\"potentialAction\":[{\"@type\":\"ReadAction\",\"target\":[\"https:\\\/\\\/hostalexcelsior.es\\\/en\\\/entorno\\\/\"]}]},{\"@type\":\"BreadcrumbList\",\"@id\":\"https:\\\/\\\/hostalexcelsior.es\\\/en\\\/entorno\\\/#breadcrumb\",\"itemListElement\":[{\"@type\":\"ListItem\",\"position\":1,\"name\":\"Portada\",\"item\":\"https:\\\/\\\/hostalexcelsior.es\\\/en\\\/\"},{\"@type\":\"ListItem\",\"position\":2,\"name\":\"Environment\"}]},{\"@type\":\"WebSite\",\"@id\":\"https:\\\/\\\/hostalexcelsior.es\\\/en\\\/#website\",\"url\":\"https:\\\/\\\/hostalexcelsior.es\\\/en\\\/\",\"name\":\"Hostal Excelsior en Gran V\u00eda\",\"description\":\"Hostal en Gran V\u00eda - Madrid\",\"publisher\":{\"@id\":\"https:\\\/\\\/hostalexcelsior.es\\\/en\\\/#organization\"},\"potentialAction\":[{\"@type\":\"SearchAction\",\"target\":{\"@type\":\"EntryPoint\",\"urlTemplate\":\"https:\\\/\\\/hostalexcelsior.es\\\/en\\\/?s={search_term_string}\"},\"query-input\":{\"@type\":\"PropertyValueSpecification\",\"valueRequired\":true,\"valueName\":\"search_term_string\"}}],\"inLanguage\":\"es\"},{\"@type\":\"Organization\",\"@id\":\"https:\\\/\\\/hostalexcelsior.es\\\/en\\\/#organization\",\"name\":\"Hostal Excelsior en Gran V\u00eda\",\"url\":\"https:\\\/\\\/hostalexcelsior.es\\\/en\\\/\",\"logo\":{\"@type\":\"ImageObject\",\"inLanguage\":\"es\",\"@id\":\"https:\\\/\\\/hostalexcelsior.es\\\/en\\\/#\\\/schema\\\/logo\\\/image\\\/\",\"url\":\"https:\\\/\\\/hostalexcelsior.es\\\/en\\\/wp-content\\\/uploads\\\/sites\\\/2\\\/logo-temp.webp\",\"contentUrl\":\"https:\\\/\\\/hostalexcelsior.es\\\/en\\\/wp-content\\\/uploads\\\/sites\\\/2\\\/logo-temp.webp\",\"width\":600,\"height\":94,\"caption\":\"Hostal Excelsior en Gran V\u00eda\"},\"image\":{\"@id\":\"https:\\\/\\\/hostalexcelsior.es\\\/en\\\/#\\\/schema\\\/logo\\\/image\\\/\"}}]}<\/script>\n<!-- \/ Yoast SEO plugin. -->","yoast_head_json":{"title":"Environment - Hostal Excelsior en Gran V\u00eda","description":"El Hostal Excelsior, rodeado de algunos de los lugares m\u00e1s emblem\u00e1ticos de Madrid, es una excelente elecci\u00f3n para recorrer la ciudad a pie.","robots":{"index":"index","follow":"follow","max-snippet":"max-snippet:-1","max-image-preview":"max-image-preview:large","max-video-preview":"max-video-preview:-1"},"canonical":"https:\/\/hostalexcelsior.es\/en\/entorno\/","og_locale":"es_ES","og_type":"article","og_title":"Environment - Hostal Excelsior en Gran V\u00eda","og_description":"El Hostal Excelsior, rodeado de algunos de los lugares m\u00e1s emblem\u00e1ticos de Madrid, es una excelente elecci\u00f3n para recorrer la ciudad a pie.","og_url":"https:\/\/hostalexcelsior.es\/en\/entorno\/","og_site_name":"Hostal Excelsior en Gran V\u00eda","article_modified_time":"2026-01-29T10:48:46+00:00","twitter_card":"summary_large_image","twitter_misc":{"Tiempo de lectura":"1 minuto"},"schema":{"@context":"https:\/\/schema.org","@graph":[{"@type":"WebPage","@id":"https:\/\/hostalexcelsior.es\/en\/entorno\/","url":"https:\/\/hostalexcelsior.es\/en\/entorno\/","name":"Environment - Hostal Excelsior en Gran V\u00eda","isPartOf":{"@id":"https:\/\/hostalexcelsior.es\/en\/#website"},"datePublished":"2025-11-13T16:45:27+00:00","dateModified":"2026-01-29T10:48:46+00:00","description":"El Hostal Excelsior, rodeado de algunos de los lugares m\u00e1s emblem\u00e1ticos de Madrid, es una excelente elecci\u00f3n para recorrer la ciudad a pie.","breadcrumb":{"@id":"https:\/\/hostalexcelsior.es\/en\/entorno\/#breadcrumb"},"inLanguage":"es","potentialAction":[{"@type":"ReadAction","target":["https:\/\/hostalexcelsior.es\/en\/entorno\/"]}]},{"@type":"BreadcrumbList","@id":"https:\/\/hostalexcelsior.es\/en\/entorno\/#breadcrumb","itemListElement":[{"@type":"ListItem","position":1,"name":"Portada","item":"https:\/\/hostalexcelsior.es\/en\/"},{"@type":"ListItem","position":2,"name":"Environment"}]},{"@type":"WebSite","@id":"https:\/\/hostalexcelsior.es\/en\/#website","url":"https:\/\/hostalexcelsior.es\/en\/","name":"Hostal Excelsior en Gran V\u00eda","description":"Hostal en Gran V\u00eda - Madrid","publisher":{"@id":"https:\/\/hostalexcelsior.es\/en\/#organization"},"potentialAction":[{"@type":"SearchAction","target":{"@type":"EntryPoint","urlTemplate":"https:\/\/hostalexcelsior.es\/en\/?s={search_term_string}"},"query-input":{"@type":"PropertyValueSpecification","valueRequired":true,"valueName":"search_term_string"}}],"inLanguage":"es"},{"@type":"Organization","@id":"https:\/\/hostalexcelsior.es\/en\/#organization","name":"Hostal Excelsior en Gran V\u00eda","url":"https:\/\/hostalexcelsior.es\/en\/","logo":{"@type":"ImageObject","inLanguage":"es","@id":"https:\/\/hostalexcelsior.es\/en\/#\/schema\/logo\/image\/","url":"https:\/\/hostalexcelsior.es\/en\/wp-content\/uploads\/sites\/2\/logo-temp.webp","contentUrl":"https:\/\/hostalexcelsior.es\/en\/wp-content\/uploads\/sites\/2\/logo-temp.webp","width":600,"height":94,"caption":"Hostal Excelsior en Gran V\u00eda"},"image":{"@id":"https:\/\/hostalexcelsior.es\/en\/#\/schema\/logo\/image\/"}}]}},"_links":{"self":[{"href":"https:\/\/hostalexcelsior.es\/en\/wp-json\/wp\/v2\/pages\/2239","targetHints":{"allow":["GET"]}}],"collection":[{"href":"https:\/\/hostalexcelsior.es\/en\/wp-json\/wp\/v2\/pages"}],"about":[{"href":"https:\/\/hostalexcelsior.es\/en\/wp-json\/wp\/v2\/types\/page"}],"author":[{"embeddable":true,"href":"https:\/\/hostalexcelsior.es\/en\/wp-json\/wp\/v2\/users\/1"}],"replies":[{"embeddable":true,"href":"https:\/\/hostalexcelsior.es\/en\/wp-json\/wp\/v2\/comments?post=2239"}],"version-history":[{"count":19,"href":"https:\/\/hostalexcelsior.es\/en\/wp-json\/wp\/v2\/pages\/2239\/revisions"}],"predecessor-version":[{"id":2801,"href":"https:\/\/hostalexcelsior.es\/en\/wp-json\/wp\/v2\/pages\/2239\/revisions\/2801"}],"wp:attachment":[{"href":"https:\/\/hostalexcelsior.es\/en\/wp-json\/wp\/v2\/media?parent=2239"}],"curies":[{"name":"wp","href":"https:\/\/api.w.org\/{rel}","templated":true}]}}